{"id":249976,"date":"2024-08-09T10:14:52","date_gmt":"2024-08-09T07:14:52","guid":{"rendered":"https:\/\/www.eoppiva.fi\/?page_id=249976"},"modified":"2024-09-26T15:01:49","modified_gmt":"2024-09-26T12:01:49","slug":"faq","status":"publish","type":"page","link":"https:\/\/www.eoppiva.fi\/sv\/faq\/","title":{"rendered":"FAQ"},"content":{"rendered":"<h2><\/h2>\n<h2>\u00a0<img decoding=\"async\" class=\"alignnone size-medium wp-image-257062 lazyload\" data-src=\"https:\/\/www.eoppiva.fi\/wp-content\/uploads\/2024\/09\/kysymykset-sv-1-300x237.png\" alt=\"\" width=\"300\" height=\"237\" data-srcset=\"https:\/\/www.eoppiva.fi\/wp-content\/uploads\/2024\/09\/kysymykset-sv-1-300x237.png 300w, https:\/\/www.eoppiva.fi\/wp-content\/uploads\/2024\/09\/kysymykset-sv-1-768x606.png 768w, https:\/\/www.eoppiva.fi\/wp-content\/uploads\/2024\/09\/kysymykset-sv-1.png 832w\" data-sizes=\"(max-width: 300px) 100vw, 300px\" src=\"data:image\/svg+xml;base64,PHN2ZyB3aWR0aD0iMSIgaGVpZ2h0PSIxIiB4bWxucz0iaHR0cDovL3d3dy53My5vcmcvMjAwMC9zdmciPjwvc3ZnPg==\" style=\"--smush-placeholder-width: 300px; --smush-placeholder-aspect-ratio: 300\/237;\" \/><\/h2>\n<h2>Vad \u00e4r eOppiva?<\/h2>\n<p>eOppiva \u00e4r en gemensam l\u00e4rmilj\u00f6 f\u00f6r statsf\u00f6rvaltningen som erbjuder digitala utbildningar relaterade till utvecklingen av offentlig f\u00f6rvaltning, samh\u00e4llet och arbetslivet. M\u00e5nga av utbildningarna \u00e4r \u00f6ppna f\u00f6r alla intresserade. L\u00e4s mer h\u00e4r.<\/p>\n<h2>Vem \u00e4r utbildningarna till f\u00f6r?<\/h2>\n<p>M\u00e5lgruppen f\u00f6r utbildningarna beror p\u00e5 deras \u00e4mne och syfte. Vissa av eOppivas utbildningar \u00e4r begr\u00e4nsade till anst\u00e4llda inom centrala statliga organisationer, medan andra \u00e4r \u00f6ppna f\u00f6r alla. Dessa kan studeras av vem som helst, s\u00e5 m\u00e5nga kommuner, v\u00e4lf\u00e4rdsomr\u00e5den, utbildningsinstitutioner, organisationer och f\u00f6retag anv\u00e4nder ocks\u00e5 eOppiva.<\/p>\n<h2>Hur mycket kostar det att studera p\u00e5 eOppiva?<\/h2>\n<p>Allt inneh\u00e5ll p\u00e5 eOppiva \u00e4r gratis f\u00f6r anst\u00e4llda och organisationer inom den centrala statsf\u00f6rvaltningen. \u00d6ppna utbildningar \u00e4r gratis f\u00f6r alla att studera.<\/p>\n<h2>P\u00e5 vilka spr\u00e5k publiceras utbildningarna?<\/h2>\n<p>Som standard \u00e4r eOppiva-utbildningar p\u00e5 finska. Vissa utbildningar finns ocks\u00e5 tillg\u00e4ngliga p\u00e5 svenska eller engelska. N\u00e4r du byter gr\u00e4nssnittets spr\u00e5k hittar du utbildningar som publicerats p\u00e5 det spr\u00e5ket. L\u00e4s mer h\u00e4r: <a href=\"https:\/\/www.eoppiva.fi\/sv\/faq\/eoppivas-sprakversioner\/\">eOppivas spr\u00e5kversioner<\/a><\/p>\n<h2>Vilken webbl\u00e4sare rekommenderas f\u00f6r att anv\u00e4nda eOppiva?<\/h2>\n<p>Google Chrome \u00e4r den f\u00f6redragna webbl\u00e4saren. Firefox, Edge och Safari fungerar ocks\u00e5 bra. eOppiva-utbildningar \u00e4r enkla att studera p\u00e5 mobila enheter.<\/p>\n<h2>Hur registrerar jag mig eller loggar in? \u00c4r det obligatoriskt?<\/h2>\n<p>Anst\u00e4llda inom centrala statliga organisationer kan logga in p\u00e5 eOppivas Moodle-l\u00e4rmilj\u00f6. Dessutom kan vem som helst registrera sig f\u00f6r den \u00f6ppna eoppiva.fi-tj\u00e4nsten.<\/p>\n<p>Du kan ocks\u00e5 studera vilken som helst av de \u00f6ppna utbildningarna utan att registrera dig eller logga in.<\/p>\n<h2>Vilka organisationers personal kan logga in p\u00e5 eOppivas Moodle-l\u00e4rmilj\u00f6?<\/h2>\n<p>H\u00e4r \u00e4r <a href=\"https:\/\/www.eoppiva.fi\/sv\/faq\/eoppivas-anvandarorganisationer\/\">en lista \u00f6ver e-postdom\u00e4ner<\/a> som kan anv\u00e4ndas f\u00f6r att logga in p\u00e5 eOppivas Moodle-l\u00e4rmilj\u00f6.<\/p>\n<h2>Hur loggar jag in p\u00e5 en utbildning?<\/h2>\n<p>N\u00e4r du har hittat den utbildning du vill g\u00e5, klicka p\u00e5 &#8221;Starta utbildning&#8221;. Om inloggning kr\u00e4vs f\u00f6r att studera utbildningen, kommer du att dirigeras till en inloggningssida. Logga in med Virtu<i>&#8211;<\/i>identifiering. Om du inte har Virtu-identifiering, skapa ett anv\u00e4ndarnamn med din arbets-e-postadress.<\/p>\n<h2>Kan jag utforska utbildningar och sedan best\u00e4mma om jag ska b\u00f6rja studera?<\/h2>\n<p>Absolut! Du kan klicka p\u00e5 &#8221;Starta utbildning&#8221; utan bekymmer och logga in p\u00e5 Moodle eller bl\u00e4ddra i inneh\u00e5llet i \u00f6ppna utbildningar utan att logga in. Du kan utforska utbildningsinneh\u00e5llet och b\u00f6rja studera antingen omedelbart eller senare.<\/p>\n<h2>Sparas mina framsteg?<\/h2>\n<p>I vissa utbildningar sparas framstegen, medan de inte g\u00f6r det i andra.<\/p>\n<p>I \u00f6ppna utbildningar sparas framstegen f\u00f6r n\u00e4rvarande inte, men du kan alltid forts\u00e4tta utbildningen d\u00e4r du slutade, \u00e4ven om dina tidigare framsteg inte l\u00e4ngre \u00e4r synliga. Det finns dock ett steg i slutet av utbildningen d\u00e4r du inte b\u00f6r l\u00e4mna uppgiften oavslutad: n\u00e4r du har klarat sluttestet, forts\u00e4tt omedelbart f\u00f6r att registrera ditt resultat eller best\u00e4lla certifikatet. Annars m\u00e5ste du g\u00f6ra om testet.<\/p>\n<p>I organisationsspecifika utbildningar och i andra utbildningar d\u00e4r du m\u00e5ste logga in f\u00f6rst, sparas dina framsteg. Dessa utbildningar kan ocks\u00e5 ha mer detaljerade krav p\u00e5 vilka aktiviteter som m\u00e5ste slutf\u00f6ras. S\u00e5 dina framsteg kan verka ofullst\u00e4ndiga om du till exempel inte har slutf\u00f6rt en viss uppgift.<\/p>\n<h2>Var kan jag hitta mina utbildningar eller prestationer?<\/h2>\n<p>Om du \u00e4r inloggad p\u00e5 eOppivas Moodle-l\u00e4rmilj\u00f6 kan du hitta ditt utbildningsdeltagande p\u00e5 din dashboard.<\/p>\n<p>Om du har skapat ett anv\u00e4ndarnamn f\u00f6r eoppiva.fi-tj\u00e4nsten kan du se information om de \u00f6ppna utbildningar du har slutf\u00f6rt n\u00e4r du \u00e4r inloggad i din profil. Dessa uppgifter \u00f6verf\u00f6rs inte till eOppivas Moodle-l\u00e4rmilj\u00f6.<\/p>\n<h2>Varf\u00f6r visas inte min prestation i eOppivas Moodle-l\u00e4rmilj\u00f6 eller i min organisations rapporter?<\/h2>\n<p>Om det \u00e4r en \u00f6ppen utbildning m\u00e5ste utbildningens avslutning registreras i Moodle. F\u00f6lj anvisningarna i slutet av utbildningen.<\/p>\n<p>Om det \u00e4r en utbildning d\u00e4r du m\u00e5ste logga in innan du b\u00f6rjar, kan det vara s\u00e5 att du inte har slutf\u00f6rt alla n\u00f6dv\u00e4ndiga aktiviteter \u00e4n.<\/p>\n<p>I s\u00e5dana fall, f\u00f6rs\u00f6k att ta om utbildningen eller sluttestet, och var uppm\u00e4rksam p\u00e5 instruktionerna i b\u00f6rjan och slutet av utbildningen. Om detta inte hj\u00e4lper kan du kontakta v\u00e5r kundservice via e-post: <a rel=\"noopener\">info@eoppiva.fi<\/a><\/p>\n<h2>Varf\u00f6r har jag inte f\u00e5tt ett certifikat i min e-post?<\/h2>\n<p>Om du klarade sluttestet i utbildningen och best\u00e4llde ett certifikat, b\u00f6r det anl\u00e4nda till din inkorg. Ibland kan det vara en f\u00f6rdr\u00f6jning p\u00e5 n\u00e5gra minuter. Om du inte f\u00e5r e-postmeddelandet, kontrollera din skr\u00e4ppostmapp och liknande mappar d\u00e4r meddelanden filtreras automatiskt.<\/p>\n<p>Om du inte kan hitta certifikatet \u00e4r det m\u00f6jligt att det fanns ett misstag i den e-postadress du angav. I detta fall \u00e4r den enklaste ratten att g\u00f6ra om sluttestet och sedan best\u00e4lla certifikatet, och s\u00e4kerst\u00e4ll att e-postadressen \u00e4r korrekt. Om certifikatet fortfarande inte anl\u00e4nder kan du kontakta v\u00e5r kundservice via e-post: <a rel=\"noopener\">info@eoppiva.fi<\/a><\/p>\n<p>Om du arbetar f\u00f6r en central statlig organisation beh\u00f6ver du vanligtvis inte dessa certifikat som skickas via e-post, eftersom dina prestationer registreras i eOppivas Moodle-l\u00e4rmilj\u00f6. Du kan hitta information om dina prestationer och eventuella certifikat p\u00e5 din Moodle-dashboard.<\/p>\n<h2>Varf\u00f6r visar slutf\u00f6randedatumet i min Moodle-l\u00e4rmilj\u00f6 ett gammalt datum \u00e4ven om jag gjort om utbildningen?<\/h2>\n<p>Generellt sett markeras eOppivas utbildningar som slutf\u00f6rda endast en g\u00e5ng, och detta slutf\u00f6randedatum uppdateras inte \u00e4ven om du g\u00f6r om utbildningen. Det finns vissa undantag fr\u00e5n denna regel. Typiskt sett kan du dock studera utbildningen igen, men slutf\u00f6randedatumet i Moodle-l\u00e4rmilj\u00f6n f\u00f6rblir alltid det ursprungliga datumet.<\/p>\n<h2>Utg\u00e5r anv\u00e4ndarnamnen i eOppivas Moodle-l\u00e4rmilj\u00f6?<\/h2>\n<p>Ja. N\u00e4r ditt anv\u00e4ndarnamn har varit inaktivt i 18 m\u00e5nader arkiveras det, och inloggning \u00e4r inte l\u00e4ngre m\u00f6jlig. Du f\u00e5r ett e-postmeddelande 32 dagar innan ditt anv\u00e4ndarnamn arkiveras, s\u00e5 att du kan f\u00f6rhindra att det l\u00e5ses genom att logga in p\u00e5 eOppiva. Och n\u00e4r du \u00e4nd\u00e5 \u00e4r inloggad, varf\u00f6r inte l\u00e4ra dig n\u00e5got nytt?<\/p>\n<p>Om du har skapat ett konto och ett l\u00f6senord f\u00f6r Moodle-l\u00e4rmilj\u00f6n m\u00e5ste l\u00f6senordet f\u00f6rnyas var sj\u00e4tte m\u00e5nad. Du f\u00e5r en notis om det utg\u00e5ende l\u00f6senordet p\u00e5 inloggningssidan 14 dagar i f\u00f6rv\u00e4g. Du m\u00e5ste ha en giltig e-postadress inom statsf\u00f6rvaltningen f\u00f6r att kunna bekr\u00e4fta best\u00e4llningen av ett nytt l\u00f6senord.<\/p>\n<p>Om ditt anv\u00e4ndarnamn \u00e4r l\u00e5st, f\u00f6lj instruktionerna h\u00e4r: <a href=\"https:\/\/lms.eoppiva.fi\/local\/unsuspend\/?lang=sv\">Problem med att logga in?<\/a><\/p>\n<p>N\u00e4r ditt anv\u00e4ndarnamn har varit inaktivt i 4,5 \u00e5r raderas det automatiskt med all anv\u00e4ndarinformation och alla prestationer. Om du loggar in med samma e-postadress eller Virtu efter det, skapas ett nytt anv\u00e4ndarnamn f\u00f6r dig.<\/p>\n<h2>Vad ska jag g\u00f6ra om jag st\u00f6ter p\u00e5 inloggningsproblem med eOppivas Moodle-l\u00e4rmilj\u00f6?<\/h2>\n<p>Om du upplever inloggningsproblem, f\u00f6lj instruktionerna h\u00e4r: <a href=\"https:\/\/lms.eoppiva.fi\/local\/unsuspend\/?lang=sv\">Problem med att logga in?<\/a><\/p>\n<p>Om det inte hj\u00e4lper att f\u00f6lja instruktionerna kan du kontakta v\u00e5r kundservice: <a rel=\"noopener\">info@eoppiva.fi<\/a>.<\/p>\n<p>Vi kan hantera ditt problem mer effektivt om du i ditt meddelande anger viktig information om dina anv\u00e4ndarnamn, till exempel om ditt namn har \u00e4ndrats eller om du har anv\u00e4nt eOppiva i flera olika organisationer.<\/p>\n<h2>Vad h\u00e4nder med mina prestationer om jag byter tj\u00e4nst fr\u00e5n en statlig organisation till en annan?<\/h2>\n<p>Dina utbildningsdeltaganden och prestationer bevaras och kan kopplas till ditt nya anv\u00e4ndarnamn.<\/p>\n<p>S\u00e5, kontakta <a rel=\"noopener\">info@eoppiva.fi<\/a>, s\u00e5 ordnar vi det!<\/p>\n<h2>Jag loggar in p\u00e5 eOppiva p\u00e5 jobbet via Virtu. Hur loggar jag in fr\u00e5n min hemmadator, mobila enhet eller utanf\u00f6r det interna n\u00e4tverket n\u00e4r Virtu inte \u00e4r tillg\u00e4ngligt?<\/h2>\n<p>Virtu-identifiering fungerar i de flesta organisationer, \u00e4ven via internet, som p\u00e5 mobila enheter. Om det inte fungerar kan du skapa ett separat Moodle-l\u00f6senord f\u00f6r ditt Virtu-konto och anv\u00e4nda det f\u00f6r att logga in. <a href=\"https:\/\/www.eoppiva.fi\/sv\/integritetspolicy\/\">Instruktioner finns h\u00e4r.<\/a><\/p>\n<h2>Hur betj\u00e4nar eOppiva organisationer?<\/h2>\n<p>eOppiva erbjuder centrala statliga organisationer en egen utbildningsyta i Moodle-l\u00e4rmilj\u00f6n utan kostnad. Beskrivning av Moodle-tj\u00e4nsten.<\/p>\n<p>Alla organisationer kan anv\u00e4nda eOppivas utbildningar f\u00f6r att fr\u00e4mja l\u00e4rande och kompetensutveckling, men vi kan inte erbjuda prestationsdata till andra \u00e4n centrala statliga organisationer. Vi uppmanar andra organisationer att skapa sina egna instruktioner f\u00f6r att verifiera prestationer (t.ex. spara certifikatet p\u00e5 en specifik plats).<\/p>\n<h2>Kostar eOppiva eller Moodle n\u00e5got f\u00f6r organisationerna?<\/h2>\n<p>eOppiva finansieras av finansministeriet, s\u00e5 det finns inga underh\u00e5llskostnader f\u00f6r enskilda organisationer. Organisationerna \u00e4r dock ansvariga f\u00f6r produktionen av sina egna utbildningar och anv\u00e4ndarsupport. eOppiva-teamet ger ocks\u00e5 st\u00f6d f\u00f6r inneh\u00e5llsproduktion. Kontakta oss f\u00f6r att f\u00e5 veta mer om v\u00e5ra tj\u00e4nster.<\/p>\n<h2>Det \u00e4r ett tekniskt problem med eOppiva; var kan jag f\u00e5 hj\u00e4lp?<\/h2>\n<p>F\u00f6r alla tekniska problem relaterade till eOppiva kan du kontakta v\u00e5rt team via e-post: <a rel=\"noopener\">info@eoppiva.fi<\/a>.<\/p>\n<p>Om det \u00e4r ett specifikt problem relaterat till din organisations utbildning (t.ex. en trasig l\u00e4nk eller om du inte kan hitta en kursnyckel till utbildningen), finns det vanligtvis hj\u00e4lp tillg\u00e4nglig inom din organisation. Detsamma g\u00e4ller om problemet \u00e4r relaterat till dina datorinst\u00e4llningar (t.ex. popup-blockerare). Utbildningskoordinatorer, handledare eller IT-support \u00e4r ofta b\u00e4st rustade att hj\u00e4lpa i s\u00e5dana situationer.<\/p>\n<h2>Vem ansvarar f\u00f6r eOppiva?<\/h2>\n<p>eOppiva-teamet vid HAUS Finnish Institute of Public Management ansvarar f\u00f6r eOppivas drift, koordinerar gemensamma insatser och hanterar eOppivas inneh\u00e5ll.<\/p>\n<p>Finansministeriet \u00f6vervakar det \u00f6vergripande projektet och ansvarar f\u00f6r dess k\u00e4rnfinansiering.<\/p>\n<p>Anv\u00e4ndningen av delat inneh\u00e5ll och plattformen \u00e4r gratis f\u00f6r statliga myndigheter. De kan ocks\u00e5 k\u00f6pa hj\u00e4lp fr\u00e5n eOppiva-teamet f\u00f6r att producera sitt eget inneh\u00e5ll.<\/p>\n<p>eOppiva Moodle \u00e4r en SaaS-tj\u00e4nst fr\u00e5n Mediamaisteri Oy.<\/p>\n<h2>Vilken s\u00e4kerhetsniv\u00e5 har eOppiva?<\/h2>\n<p>eOppiva Moodle \u00e4r implementerat enligt VAHTI-arkitekturen och s\u00e4kerhetskraven samt grundl\u00e4ggande skyddskrav. S\u00e4kerhetsklassad information ska inte lagras i systemet.<\/p>\n<p>N\u00e4r det g\u00e4ller s\u00e4kerheten f\u00f6r personuppgifter i Moodle: Informationen som behandlas i eOppivas anv\u00e4ndarregister f\u00f6r online-l\u00e4rmilj\u00f6 \u00e4r skyddad med anv\u00e4ndarnamn, l\u00f6senord och en brandv\u00e4gg. Endast utsedda individer f\u00e5r behandla anv\u00e4ndarregistret. Databehandlarna omfattas av sekretessf\u00f6rpliktelser. Anv\u00e4ndare (utbildare, administrat\u00f6rer, deltagare) har endast tillg\u00e5ng till den del av registret de beh\u00f6ver.<\/p>\n<p><a href=\"https:\/\/www.eoppiva.fi\/sv\/integritetspolicy\/\">L\u00e4s mer om dataskyddet i eOppiva-tj\u00e4nsten.<\/a><\/p>\n<h2>Hur uppstod eOppiva?<\/h2>\n<p>Konceptet eOppiva h\u00e4rstammar fr\u00e5n finansministeriets projekt om gemensam e-l\u00e4rande inom statsf\u00f6rvaltningen. eOppiva har framg\u00e5ngsrikt uppn\u00e5tt sitt m\u00e5l att tillhandah\u00e5lla en gemensam l\u00e4rmilj\u00f6 och en effektiv inneh\u00e5llsproduktionsmodell. Vi har f\u00e5tt stor hj\u00e4lp av eOppiva-n\u00e4tverket, best\u00e5ende av experter fr\u00e5n statsf\u00f6rvaltningen.<\/p>\n<p>V\u00e4lkommen ombord!<\/p>\n","protected":false},"excerpt":{"rendered":"<p>\u00a0 Vad \u00e4r eOppiva? eOppiva \u00e4r en gemensam l\u00e4rmilj\u00f6 f\u00f6r statsf\u00f6rvaltningen som erbjuder digitala utbildningar relaterade till utvecklingen av offentlig f\u00f6rvaltning, samh\u00e4llet och arbetslivet. M\u00e5nga av utbildningarna \u00e4r \u00f6ppna f\u00f6r alla intresserade. L\u00e4s mer h\u00e4r. Vem \u00e4r utbildningarna till f\u00f6r? M\u00e5lgruppen f\u00f6r utbildningarna beror p\u00e5 deras \u00e4mne och syfte. Vissa av eOppivas utbildningar \u00e4r begr\u00e4nsade [&hellip;]<\/p>\n","protected":false},"author":6514,"featured_media":0,"parent":0,"menu_order":0,"comment_status":"open","ping_status":"closed","template":"tmpl-article.php","meta":{"_acf_changed":false,"inline_featured_image":false,"footnotes":""},"class_list":["post-249976","page","type-page","status-publish","hentry"],"acf":[],"yoast_head":"<!-- This site is optimized with the Yoast SEO Premium plugin v27.1 (Yoast SEO v27.1.1) - https:\/\/yoast.com\/product\/yoast-seo-premium-wordpress\/ -->\n<title>FAQ - eOppiva<\/title>\n<meta name=\"robots\" content=\"index, follow, max-snippet:-1, max-image-preview:large, max-video-preview:-1\" \/>\n<link rel=\"canonical\" href=\"https:\/\/www.eoppiva.fi\/sv\/faq\/\" \/>\n<meta property=\"og:locale\" content=\"sv_SE\" \/>\n<meta property=\"og:type\" content=\"article\" \/>\n<meta property=\"og:title\" content=\"FAQ\" \/>\n<meta property=\"og:description\" content=\"\u00a0 Vad \u00e4r eOppiva? eOppiva \u00e4r en gemensam l\u00e4rmilj\u00f6 f\u00f6r statsf\u00f6rvaltningen som erbjuder digitala utbildningar relaterade till utvecklingen av offentlig f\u00f6rvaltning, samh\u00e4llet och arbetslivet. M\u00e5nga av utbildningarna \u00e4r \u00f6ppna f\u00f6r alla intresserade. L\u00e4s mer h\u00e4r. Vem \u00e4r utbildningarna till f\u00f6r? M\u00e5lgruppen f\u00f6r utbildningarna beror p\u00e5 deras \u00e4mne och syfte. Vissa av eOppivas utbildningar \u00e4r begr\u00e4nsade [&hellip;]\" \/>\n<meta property=\"og:url\" content=\"https:\/\/www.eoppiva.fi\/sv\/faq\/\" \/>\n<meta property=\"og:site_name\" content=\"eOppiva\" \/>\n<meta property=\"article:publisher\" content=\"https:\/\/www.facebook.com\/eoppiva\" \/>\n<meta property=\"article:modified_time\" content=\"2024-09-26T12:01:49+00:00\" \/>\n<meta property=\"og:image\" content=\"https:\/\/www.eoppiva.fi\/wp-content\/uploads\/2024\/09\/kysymykset-sv-1-300x237.png\" \/>\n<meta name=\"twitter:card\" content=\"summary_large_image\" \/>\n<meta name=\"twitter:site\" content=\"@eoppivafi\" \/>\n<script type=\"application\/ld+json\" class=\"yoast-schema-graph\">{\"@context\":\"https:\/\/schema.org\",\"@graph\":[{\"@type\":\"WebPage\",\"@id\":\"https:\/\/www.eoppiva.fi\/sv\/faq\/\",\"url\":\"https:\/\/www.eoppiva.fi\/sv\/faq\/\",\"name\":\"FAQ - eOppiva\",\"isPartOf\":{\"@id\":\"https:\/\/www.eoppiva.fi\/#website\"},\"primaryImageOfPage\":{\"@id\":\"https:\/\/www.eoppiva.fi\/sv\/faq\/#primaryimage\"},\"image\":{\"@id\":\"https:\/\/www.eoppiva.fi\/sv\/faq\/#primaryimage\"},\"thumbnailUrl\":\"https:\/\/www.eoppiva.fi\/wp-content\/uploads\/2024\/09\/kysymykset-sv-1-300x237.png\",\"datePublished\":\"2024-08-09T07:14:52+00:00\",\"dateModified\":\"2024-09-26T12:01:49+00:00\",\"breadcrumb\":{\"@id\":\"https:\/\/www.eoppiva.fi\/sv\/faq\/#breadcrumb\"},\"inLanguage\":\"sv-SE\",\"potentialAction\":[{\"@type\":\"ReadAction\",\"target\":[\"https:\/\/www.eoppiva.fi\/sv\/faq\/\"]}]},{\"@type\":\"ImageObject\",\"inLanguage\":\"sv-SE\",\"@id\":\"https:\/\/www.eoppiva.fi\/sv\/faq\/#primaryimage\",\"url\":\"https:\/\/www.eoppiva.fi\/wp-content\/uploads\/2024\/09\/kysymykset-sv-1-300x237.png\",\"contentUrl\":\"https:\/\/www.eoppiva.fi\/wp-content\/uploads\/2024\/09\/kysymykset-sv-1-300x237.png\"},{\"@type\":\"BreadcrumbList\",\"@id\":\"https:\/\/www.eoppiva.fi\/sv\/faq\/#breadcrumb\",\"itemListElement\":[{\"@type\":\"ListItem\",\"position\":1,\"name\":\"Home\",\"item\":\"https:\/\/www.eoppiva.fi\/sv\/\"},{\"@type\":\"ListItem\",\"position\":2,\"name\":\"FAQ\"}]},{\"@type\":\"WebSite\",\"@id\":\"https:\/\/www.eoppiva.fi\/#website\",\"url\":\"https:\/\/www.eoppiva.fi\/\",\"name\":\"eOppiva\",\"description\":\"Valtion digitaalinen oppimisymp\u00e4rist\u00f6\",\"publisher\":{\"@id\":\"https:\/\/www.eoppiva.fi\/#organization\"},\"potentialAction\":[{\"@type\":\"SearchAction\",\"target\":{\"@type\":\"EntryPoint\",\"urlTemplate\":\"https:\/\/www.eoppiva.fi\/?s={search_term_string}\"},\"query-input\":{\"@type\":\"PropertyValueSpecification\",\"valueRequired\":true,\"valueName\":\"search_term_string\"}}],\"inLanguage\":\"sv-SE\"},{\"@type\":\"Organization\",\"@id\":\"https:\/\/www.eoppiva.fi\/#organization\",\"name\":\"eOppiva\",\"url\":\"https:\/\/www.eoppiva.fi\/\",\"logo\":{\"@type\":\"ImageObject\",\"inLanguage\":\"sv-SE\",\"@id\":\"https:\/\/www.eoppiva.fi\/#\/schema\/logo\/image\/\",\"url\":\"https:\/\/www.eoppiva.fi\/wp-content\/uploads\/2025\/03\/vihrea-logo-eo-1.png\",\"contentUrl\":\"https:\/\/www.eoppiva.fi\/wp-content\/uploads\/2025\/03\/vihrea-logo-eo-1.png\",\"width\":2000,\"height\":2000,\"caption\":\"eOppiva\"},\"image\":{\"@id\":\"https:\/\/www.eoppiva.fi\/#\/schema\/logo\/image\/\"},\"sameAs\":[\"https:\/\/www.facebook.com\/eoppiva\",\"https:\/\/x.com\/eoppivafi\",\"https:\/\/www.instagram.com\/eoppiva\/\",\"https:\/\/www.linkedin.com\/company\/eoppiva\"]}]}<\/script>\n<!-- \/ Yoast SEO Premium plugin. -->","yoast_head_json":{"title":"FAQ - eOppiva","robots":{"index":"index","follow":"follow","max-snippet":"max-snippet:-1","max-image-preview":"max-image-preview:large","max-video-preview":"max-video-preview:-1"},"canonical":"https:\/\/www.eoppiva.fi\/sv\/faq\/","og_locale":"sv_SE","og_type":"article","og_title":"FAQ","og_description":"\u00a0 Vad \u00e4r eOppiva? eOppiva \u00e4r en gemensam l\u00e4rmilj\u00f6 f\u00f6r statsf\u00f6rvaltningen som erbjuder digitala utbildningar relaterade till utvecklingen av offentlig f\u00f6rvaltning, samh\u00e4llet och arbetslivet. M\u00e5nga av utbildningarna \u00e4r \u00f6ppna f\u00f6r alla intresserade. L\u00e4s mer h\u00e4r. Vem \u00e4r utbildningarna till f\u00f6r? M\u00e5lgruppen f\u00f6r utbildningarna beror p\u00e5 deras \u00e4mne och syfte. Vissa av eOppivas utbildningar \u00e4r begr\u00e4nsade [&hellip;]","og_url":"https:\/\/www.eoppiva.fi\/sv\/faq\/","og_site_name":"eOppiva","article_publisher":"https:\/\/www.facebook.com\/eoppiva","article_modified_time":"2024-09-26T12:01:49+00:00","og_image":[{"url":"https:\/\/www.eoppiva.fi\/wp-content\/uploads\/2024\/09\/kysymykset-sv-1-300x237.png","type":"","width":"","height":""}],"twitter_card":"summary_large_image","twitter_site":"@eoppivafi","schema":{"@context":"https:\/\/schema.org","@graph":[{"@type":"WebPage","@id":"https:\/\/www.eoppiva.fi\/sv\/faq\/","url":"https:\/\/www.eoppiva.fi\/sv\/faq\/","name":"FAQ - eOppiva","isPartOf":{"@id":"https:\/\/www.eoppiva.fi\/#website"},"primaryImageOfPage":{"@id":"https:\/\/www.eoppiva.fi\/sv\/faq\/#primaryimage"},"image":{"@id":"https:\/\/www.eoppiva.fi\/sv\/faq\/#primaryimage"},"thumbnailUrl":"https:\/\/www.eoppiva.fi\/wp-content\/uploads\/2024\/09\/kysymykset-sv-1-300x237.png","datePublished":"2024-08-09T07:14:52+00:00","dateModified":"2024-09-26T12:01:49+00:00","breadcrumb":{"@id":"https:\/\/www.eoppiva.fi\/sv\/faq\/#breadcrumb"},"inLanguage":"sv-SE","potentialAction":[{"@type":"ReadAction","target":["https:\/\/www.eoppiva.fi\/sv\/faq\/"]}]},{"@type":"ImageObject","inLanguage":"sv-SE","@id":"https:\/\/www.eoppiva.fi\/sv\/faq\/#primaryimage","url":"https:\/\/www.eoppiva.fi\/wp-content\/uploads\/2024\/09\/kysymykset-sv-1-300x237.png","contentUrl":"https:\/\/www.eoppiva.fi\/wp-content\/uploads\/2024\/09\/kysymykset-sv-1-300x237.png"},{"@type":"BreadcrumbList","@id":"https:\/\/www.eoppiva.fi\/sv\/faq\/#breadcrumb","itemListElement":[{"@type":"ListItem","position":1,"name":"Home","item":"https:\/\/www.eoppiva.fi\/sv\/"},{"@type":"ListItem","position":2,"name":"FAQ"}]},{"@type":"WebSite","@id":"https:\/\/www.eoppiva.fi\/#website","url":"https:\/\/www.eoppiva.fi\/","name":"eOppiva","description":"Valtion digitaalinen oppimisymp\u00e4rist\u00f6","publisher":{"@id":"https:\/\/www.eoppiva.fi\/#organization"},"potentialAction":[{"@type":"SearchAction","target":{"@type":"EntryPoint","urlTemplate":"https:\/\/www.eoppiva.fi\/?s={search_term_string}"},"query-input":{"@type":"PropertyValueSpecification","valueRequired":true,"valueName":"search_term_string"}}],"inLanguage":"sv-SE"},{"@type":"Organization","@id":"https:\/\/www.eoppiva.fi\/#organization","name":"eOppiva","url":"https:\/\/www.eoppiva.fi\/","logo":{"@type":"ImageObject","inLanguage":"sv-SE","@id":"https:\/\/www.eoppiva.fi\/#\/schema\/logo\/image\/","url":"https:\/\/www.eoppiva.fi\/wp-content\/uploads\/2025\/03\/vihrea-logo-eo-1.png","contentUrl":"https:\/\/www.eoppiva.fi\/wp-content\/uploads\/2025\/03\/vihrea-logo-eo-1.png","width":2000,"height":2000,"caption":"eOppiva"},"image":{"@id":"https:\/\/www.eoppiva.fi\/#\/schema\/logo\/image\/"},"sameAs":["https:\/\/www.facebook.com\/eoppiva","https:\/\/x.com\/eoppivafi","https:\/\/www.instagram.com\/eoppiva\/","https:\/\/www.linkedin.com\/company\/eoppiva"]}]}},"_links":{"self":[{"href":"https:\/\/www.eoppiva.fi\/sv\/wp-json\/wp\/v2\/pages\/249976","targetHints":{"allow":["GET"]}}],"collection":[{"href":"https:\/\/www.eoppiva.fi\/sv\/wp-json\/wp\/v2\/pages"}],"about":[{"href":"https:\/\/www.eoppiva.fi\/sv\/wp-json\/wp\/v2\/types\/page"}],"author":[{"embeddable":true,"href":"https:\/\/www.eoppiva.fi\/sv\/wp-json\/wp\/v2\/users\/6514"}],"replies":[{"embeddable":true,"href":"https:\/\/www.eoppiva.fi\/sv\/wp-json\/wp\/v2\/comments?post=249976"}],"version-history":[{"count":8,"href":"https:\/\/www.eoppiva.fi\/sv\/wp-json\/wp\/v2\/pages\/249976\/revisions"}],"predecessor-version":[{"id":266985,"href":"https:\/\/www.eoppiva.fi\/sv\/wp-json\/wp\/v2\/pages\/249976\/revisions\/266985"}],"wp:attachment":[{"href":"https:\/\/www.eoppiva.fi\/sv\/wp-json\/wp\/v2\/media?parent=249976"}],"curies":[{"name":"wp","href":"https:\/\/api.w.org\/{rel}","templated":true}]}}