{"id":249971,"date":"2024-08-09T10:14:21","date_gmt":"2024-08-09T07:14:21","guid":{"rendered":"https:\/\/www.eoppiva.fi\/?page_id=249971"},"modified":"2025-01-07T19:07:55","modified_gmt":"2025-01-07T17:07:55","slug":"tillganglighetsforklaring","status":"publish","type":"page","link":"https:\/\/www.eoppiva.fi\/sv\/tillganglighetsforklaring\/","title":{"rendered":"Tillg\u00e4nglighetsf\u00f6rklaring"},"content":{"rendered":"<p>V\u00e5r webbplats omfattas av <a href=\"https:\/\/www.finlex.fi\/sv\/laki\/alkup\/2019\/20190306\">lagen om tillhandah\u00e5llande av digitala tj\u00e4nster (306\/2019)<\/a>, som kr\u00e4ver att offentliga webbplatser ska vara tillg\u00e4ngliga. HAUS kehitt\u00e4miskeskus Oy str\u00e4var efter att s\u00e4kerst\u00e4lla tillg\u00e4ngligheten f\u00f6r webbplatsen eOppiva.fi i enlighet med denna lag.<\/p>\n<p>Denna tillg\u00e4nglighetsredog\u00f6relse g\u00e4ller f\u00f6r tj\u00e4nsten eOppiva, som inkluderar webbplatsen eOppiva.fi, eOppivas Moodle-l\u00e4rplattform med utbildningar samt \u00f6ppet utbildningsinneh\u00e5ll.<\/p>\n<p>Redog\u00f6relsen har granskats och senast uppdaterats den 7.1.2025. Redog\u00f6relsen baseras p\u00e5 en bed\u00f6mning utf\u00f6rd av en extern expertorganisation (Eficode Oy) \u00e5r 2020, som utv\u00e4rderade om webbplatsen uppfyller lagens krav. Uppdateringen baseras p\u00e5 en egen bed\u00f6mning av eOppiva-teamet och dess tj\u00e4nsteleverant\u00f6rer om webbplatsens aktuella funktioner och inneh\u00e5ll.<\/p>\n<h2>Tillg\u00e4nglighetsstatus f\u00f6r v\u00e5r tj\u00e4nst<\/h2>\n<p>V\u00e5r tj\u00e4nst uppfyller delvis kraven i riktlinjerna f\u00f6r tillg\u00e4nglighet till webbinneh\u00e5ll (WCAG 2.1) p\u00e5 niv\u00e5erna A och AA.<\/p>\n<p>Det finns vissa problem med tillg\u00e4ngligheten i v\u00e5r tj\u00e4nst. De mest kritiska tillg\u00e4nglighetsproblemen kommer att \u00e5tg\u00e4rdas s\u00e5 snart som m\u00f6jligt.<\/p>\n<p>Nedan f\u00f6ljer en beskrivning av k\u00e4nda problem. Om du uppt\u00e4cker ett problem som inte finns med i listan, v\u00e4nligen kontakta oss.<\/p>\n<p>Problemet anges tillsammans med det tillg\u00e4nglighetskriterium som det avser.<\/p>\n<h2>eOppiva-webbplatsen<\/h2>\n<h3>Allm\u00e4nt<\/h3>\n<ul>\n<li>Webbplatsens videor har brister. Vissa videor saknar undertexter eller syntolkning. \u00c4ven titelbeskrivningarna f\u00f6r videor \u00e4r ofullst\u00e4ndiga, vilket kan f\u00f6rsv\u00e5ra anv\u00e4ndningen av sk\u00e4rml\u00e4sare. (WCAG 1.2.1, 1.2.2) Vissa videor publicerades f\u00f6re den 23 september 2020 och omfattas d\u00e4rf\u00f6r inte av lagens krav. Vi \u00e5tg\u00e4rdar dock tillg\u00e4nglighetsbrister vid uppdatering av inneh\u00e5llet.<\/li>\n<\/ul>\n<h3>Blogginl\u00e4gg<\/h3>\n<ul>\n<li>Textalternativen har brister. T.ex. en del av illustrerade bilder l\u00e4ses av sk\u00e4rml\u00e4sare, men vissa bilder som \u00e4r viktiga f\u00f6r inneh\u00e5llet l\u00e4mnas ol\u00e4sta. (WCAG 1.1.1)<\/li>\n<li>Namngivningen av l\u00e4nkar har brister. T.ex. &#8221;I sammanfattningen&#8221; och &#8221;h\u00e4r&#8221; \u00e4r l\u00e4nkar till PDF-filer, men detta \u00e4r inte tydligt f\u00f6r anv\u00e4ndaren. (WCAG 2.4.4.)<\/li>\n<li>Vissa PDF-filer \u00e4r inte tillg\u00e4ngliga. T.ex. bilderna saknar textalternativ, dokumentets spr\u00e5k har inte angetts korrekt och rubrikm\u00e4rkningarna \u00e4r bristf\u00e4lliga. (WCAG 1.1.1, 1.3.1, 3.1.1)<\/li>\n<\/ul>\n<h3>\u00d6ppet utbildningsinneh\u00e5ll<\/h3>\n<ul>\n<li>Textalternativen har brister. T.ex. \u00e4r textalternativen f\u00f6r vissa bilder mycket l\u00e5nga och skulle fungera b\u00e4ttre som br\u00f6dtext, och vissa bilder l\u00e4ses upp som filformat. (WCAG 1.1.1)<\/li>\n<li>Vissa tillhandah\u00e5llna PDF-filer \u00e4r inte tillg\u00e4ngliga. (WCAG 1.3.1, 4.1.2)<\/li>\n<\/ul>\n<h3>Tillg\u00e4nglighetsbristerna \u00e5tg\u00e4rdas i samband med uppdateringen av utbildningarna.<\/h3>\n<p>Utbildningsinneh\u00e5llet \u00e4r byggt med en tj\u00e4nst fr\u00e5n en extern leverant\u00f6r, vilket g\u00f6r att HAUS kehitt\u00e4miskeskus Oy inte direkt kan p\u00e5verka alla tillg\u00e4nglighetsproblem. F\u00f6ljande problem har identifierats och rapporterats till tj\u00e4nsteleverant\u00f6ren. (Mer information om Articulate Rise 360 Accessibility Journey)<\/p>\n<ul>\n<li>Vissa element och knappar p\u00e5 webbplatsen har engelska hj\u00e4lpte texter. (WCAG 1.1.1, 3.1.2)<\/li>\n<li>Det finns brister i den programmatiska implementeringen av element. T.ex. \u00f6verf\u00f6rs inte f\u00e4rgade informationsrutor och annat avvikande inneh\u00e5ll till sk\u00e4rml\u00e4sare. (WCAG 1.3.1)<\/li>\n<li>Bildf\u00f6rstoringsknappen l\u00e4ses upp av sk\u00e4rml\u00e4saren \u00e4ven om bilden \u00e4r markerad som dekorativ och d\u00e4rmed dold f\u00f6r sk\u00e4rml\u00e4saren. (WCAG 1.1.1, 1.3.2)<\/li>\n<li>I tester kan det vara sv\u00e5rt att v\u00e4lja ett svar med tangentbordet, att g\u00e5 vidare fr\u00e5n resultatsidan kan vara sv\u00e5rt, och vissa sk\u00e4rml\u00e4sare kan inte l\u00e4sa fr\u00e5geresponsen. (WCAG 2.1.1, allm\u00e4n tillg\u00e4nglighet)<\/li>\n<\/ul>\n<h2>eOppivas Moodle-l\u00e4rplattform<\/h2>\n<p>eOppivas Moodle-l\u00e4rplattform \u00e4r baserad p\u00e5 \u00f6ppen k\u00e4llkod och Moodle-plattformen. L\u00e4rmilj\u00f6n str\u00e4var efter att uppfylla kraven i WCAG 2.1 p\u00e5 niv\u00e5erna A-AA.<a href=\"https:\/\/lms.eoppiva.fi\/theme\/maisteriboost\/accessibilitystatement.php?lang=sv\"><strong> Se Moodle&#8217;s tillg\u00e4nglighetsredog\u00f6relse.<\/strong><\/a><\/p>\n<p>Tillg\u00e4ngligheten f\u00f6r utbildningsinneh\u00e5ll i Moodle som tillh\u00f6r statsf\u00f6rvaltningens gemensamma utbildningar ansvarar eOppiva-teamet f\u00f6r, och respektive myndighet ansvarar f\u00f6r sina egna utbildningar. Vi v\u00e4gleder utbildningsskapare i myndigheter att skapa tillg\u00e4ngligt inneh\u00e5ll genom eOppivas Moodle-utbildning.<\/p>\n<h2>Feedback och kontaktinformation<\/h2>\n<p>Uppt\u00e4ckte du en brist i tillg\u00e4ngligheten i v\u00e5r digitala tj\u00e4nst? Ber\u00e4tta det f\u00f6r oss s\u00e5 ska vi g\u00f6ra v\u00e5rt b\u00e4sta f\u00f6r att \u00e5tg\u00e4rda bristen.<\/p>\n<p>Kontakta oss via e-post p\u00e5 <a rel=\"noreferrer\">info@eoppiva.fi<\/a>. Du kan ocks\u00e5 ringa oss p\u00e5 telefonnummer 0400 250 675.<\/p>\n<p>HAUS kehitt\u00e4miskeskus Oy ansvarar f\u00f6r tillg\u00e4ngligheten p\u00e5 webbplatsen eOppiva.fi och f\u00f6r hanteringen av feedback.<\/p>\n<p>Den lagstadgade tillsynsmyndigheten \u00e4r Transport- och kommunikationsverket Traficom, som \u00f6vervakar efterlevnaden av de f\u00f6reskrivna skyldigheterna och kraven.<\/p>\n<h2>Verkst\u00e4llighetsf\u00f6rfarande<\/h2>\n<p>Om du uppt\u00e4cker tillg\u00e4nglighetsproblem p\u00e5 v\u00e5r webbplats, ge oss f\u00f6rst feedback.<\/p>\n<p>Det kan ta 14 dagar innan du f\u00e5r svar. Om du inte \u00e4r n\u00f6jd med svaret du f\u00e5tt eller om du inte f\u00e5r n\u00e5got svar alls inom tv\u00e5 veckor, kan du l\u00e4mna in klagom\u00e5l till Transport- och kommunikationsverket Traficom.<\/p>\n<h3>Kontaktuppgifter till tillsynsmyndigheten<\/h3>\n<p>Enheten f\u00f6r tillsyn \u00f6ver digital tillg\u00e4nglighet<br \/>\n<a href=\"https:\/\/saavutettavuusvaatimukset.fi\/sv\">www.tillganglighetskrav.fi<\/a><br \/>\ntillganglighet@traficom.fi<br \/>\ntelefonnummer v\u00e4xeln 029 534 5000<\/p>\n<h2>Vi arbetar kontinuerligt f\u00f6r att f\u00f6rb\u00e4ttra tillg\u00e4ngligheten<\/h2>\n<p>Vi \u00e4r engagerade i att f\u00f6rb\u00e4ttra tillg\u00e4ngligheten i digitala tj\u00e4nster och \u00e5tg\u00e4rdar identifierade tillg\u00e4nglighetsbrister s\u00e5 snart som m\u00f6jligt.<\/p>\n<p>Vi v\u00e4gleder ocks\u00e5 myndigheter i att skapa tillg\u00e4ngligt utbildningsinneh\u00e5ll f\u00f6r eOppiva Moodle.<\/p>\n<p>F\u00f6r oss \u00e4r f\u00f6ljande tillg\u00e4nglighetsfaktorer viktiga och fr\u00e4mjar allas l\u00e4rande n\u00e4r vi skapar digitala utbildningar:<\/p>\n<ul>\n<li>Plattformoberoende: eOppivas utbildningar kan studeras p\u00e5 alla enheter.<\/li>\n<li>Tydlig struktur: Utbildningarna \u00e4r l\u00e4tta att navigera och inneh\u00e5llet \u00e4r logiskt presenterat.<\/li>\n<li>M\u00e5ngsidiga metoder: Vi presenterar inneh\u00e5llet p\u00e5 olika s\u00e4tt, bland annat som text, video, animationer, bilder och infografik. Alla inneh\u00e5ll har textalternativ och videor \u00e4r undertextade.<\/li>\n<li>Tydligt spr\u00e5k: Spr\u00e5ket som anv\u00e4nds i utbildningarna \u00e4r begripligt och l\u00e4ttl\u00e4st.<\/li>\n<li>Visuell klarhet: Utbildningarnas tydliga och behagliga visuella utseende st\u00f6djer f\u00f6rst\u00e5elsen av inneh\u00e5llet.<\/li>\n<li>Ingen tidsbegr\u00e4nsning: Studier kan genomf\u00f6ras i egen takt.<\/li>\n<\/ul>\n","protected":false},"excerpt":{"rendered":"<p>V\u00e5r webbplats omfattas av lagen om tillhandah\u00e5llande av digitala tj\u00e4nster (306\/2019), som kr\u00e4ver att offentliga webbplatser ska vara tillg\u00e4ngliga. HAUS kehitt\u00e4miskeskus Oy str\u00e4var efter att s\u00e4kerst\u00e4lla tillg\u00e4ngligheten f\u00f6r webbplatsen eOppiva.fi i enlighet med denna lag. Denna tillg\u00e4nglighetsredog\u00f6relse g\u00e4ller f\u00f6r tj\u00e4nsten eOppiva, som inkluderar webbplatsen eOppiva.fi, eOppivas Moodle-l\u00e4rplattform med utbildningar samt \u00f6ppet utbildningsinneh\u00e5ll. Redog\u00f6relsen har granskats [&hellip;]<\/p>\n","protected":false},"author":6514,"featured_media":0,"parent":0,"menu_order":0,"comment_status":"closed","ping_status":"closed","template":"tmpl-article.php","meta":{"_acf_changed":false,"inline_featured_image":false,"footnotes":""},"class_list":["post-249971","page","type-page","status-publish","hentry"],"acf":[],"yoast_head":"<!-- This site is optimized with the Yoast SEO Premium plugin v27.1 (Yoast SEO v27.1.1) - https:\/\/yoast.com\/product\/yoast-seo-premium-wordpress\/ -->\n<title>Tillg\u00e4nglighetsf\u00f6rklaring - eOppiva<\/title>\n<meta name=\"robots\" content=\"index, follow, max-snippet:-1, max-image-preview:large, max-video-preview:-1\" \/>\n<link rel=\"canonical\" href=\"https:\/\/www.eoppiva.fi\/sv\/tillganglighetsforklaring\/\" \/>\n<meta property=\"og:locale\" content=\"sv_SE\" \/>\n<meta property=\"og:type\" content=\"article\" \/>\n<meta property=\"og:title\" content=\"Tillg\u00e4nglighetsf\u00f6rklaring\" \/>\n<meta property=\"og:description\" content=\"V\u00e5r webbplats omfattas av lagen om tillhandah\u00e5llande av digitala tj\u00e4nster (306\/2019), som kr\u00e4ver att offentliga webbplatser ska vara tillg\u00e4ngliga. HAUS kehitt\u00e4miskeskus Oy str\u00e4var efter att s\u00e4kerst\u00e4lla tillg\u00e4ngligheten f\u00f6r webbplatsen eOppiva.fi i enlighet med denna lag. Denna tillg\u00e4nglighetsredog\u00f6relse g\u00e4ller f\u00f6r tj\u00e4nsten eOppiva, som inkluderar webbplatsen eOppiva.fi, eOppivas Moodle-l\u00e4rplattform med utbildningar samt \u00f6ppet utbildningsinneh\u00e5ll. Redog\u00f6relsen har granskats [&hellip;]\" \/>\n<meta property=\"og:url\" content=\"https:\/\/www.eoppiva.fi\/sv\/tillganglighetsforklaring\/\" \/>\n<meta property=\"og:site_name\" content=\"eOppiva\" \/>\n<meta property=\"article:publisher\" content=\"https:\/\/www.facebook.com\/eoppiva\" \/>\n<meta property=\"article:modified_time\" content=\"2025-01-07T17:07:55+00:00\" \/>\n<meta name=\"twitter:card\" content=\"summary_large_image\" \/>\n<meta name=\"twitter:site\" content=\"@eoppivafi\" \/>\n<script type=\"application\/ld+json\" class=\"yoast-schema-graph\">{\"@context\":\"https:\/\/schema.org\",\"@graph\":[{\"@type\":\"WebPage\",\"@id\":\"https:\/\/www.eoppiva.fi\/sv\/tillganglighetsforklaring\/\",\"url\":\"https:\/\/www.eoppiva.fi\/sv\/tillganglighetsforklaring\/\",\"name\":\"Tillg\u00e4nglighetsf\u00f6rklaring - eOppiva\",\"isPartOf\":{\"@id\":\"https:\/\/www.eoppiva.fi\/#website\"},\"datePublished\":\"2024-08-09T07:14:21+00:00\",\"dateModified\":\"2025-01-07T17:07:55+00:00\",\"breadcrumb\":{\"@id\":\"https:\/\/www.eoppiva.fi\/sv\/tillganglighetsforklaring\/#breadcrumb\"},\"inLanguage\":\"sv-SE\",\"potentialAction\":[{\"@type\":\"ReadAction\",\"target\":[\"https:\/\/www.eoppiva.fi\/sv\/tillganglighetsforklaring\/\"]}]},{\"@type\":\"BreadcrumbList\",\"@id\":\"https:\/\/www.eoppiva.fi\/sv\/tillganglighetsforklaring\/#breadcrumb\",\"itemListElement\":[{\"@type\":\"ListItem\",\"position\":1,\"name\":\"Home\",\"item\":\"https:\/\/www.eoppiva.fi\/sv\/\"},{\"@type\":\"ListItem\",\"position\":2,\"name\":\"Tillg\u00e4nglighetsf\u00f6rklaring\"}]},{\"@type\":\"WebSite\",\"@id\":\"https:\/\/www.eoppiva.fi\/#website\",\"url\":\"https:\/\/www.eoppiva.fi\/\",\"name\":\"eOppiva\",\"description\":\"Valtion digitaalinen oppimisymp\u00e4rist\u00f6\",\"publisher\":{\"@id\":\"https:\/\/www.eoppiva.fi\/#organization\"},\"potentialAction\":[{\"@type\":\"SearchAction\",\"target\":{\"@type\":\"EntryPoint\",\"urlTemplate\":\"https:\/\/www.eoppiva.fi\/?s={search_term_string}\"},\"query-input\":{\"@type\":\"PropertyValueSpecification\",\"valueRequired\":true,\"valueName\":\"search_term_string\"}}],\"inLanguage\":\"sv-SE\"},{\"@type\":\"Organization\",\"@id\":\"https:\/\/www.eoppiva.fi\/#organization\",\"name\":\"eOppiva\",\"url\":\"https:\/\/www.eoppiva.fi\/\",\"logo\":{\"@type\":\"ImageObject\",\"inLanguage\":\"sv-SE\",\"@id\":\"https:\/\/www.eoppiva.fi\/#\/schema\/logo\/image\/\",\"url\":\"https:\/\/www.eoppiva.fi\/wp-content\/uploads\/2025\/03\/vihrea-logo-eo-1.png\",\"contentUrl\":\"https:\/\/www.eoppiva.fi\/wp-content\/uploads\/2025\/03\/vihrea-logo-eo-1.png\",\"width\":2000,\"height\":2000,\"caption\":\"eOppiva\"},\"image\":{\"@id\":\"https:\/\/www.eoppiva.fi\/#\/schema\/logo\/image\/\"},\"sameAs\":[\"https:\/\/www.facebook.com\/eoppiva\",\"https:\/\/x.com\/eoppivafi\",\"https:\/\/www.instagram.com\/eoppiva\/\",\"https:\/\/www.linkedin.com\/company\/eoppiva\"]}]}<\/script>\n<!-- \/ Yoast SEO Premium plugin. -->","yoast_head_json":{"title":"Tillg\u00e4nglighetsf\u00f6rklaring - eOppiva","robots":{"index":"index","follow":"follow","max-snippet":"max-snippet:-1","max-image-preview":"max-image-preview:large","max-video-preview":"max-video-preview:-1"},"canonical":"https:\/\/www.eoppiva.fi\/sv\/tillganglighetsforklaring\/","og_locale":"sv_SE","og_type":"article","og_title":"Tillg\u00e4nglighetsf\u00f6rklaring","og_description":"V\u00e5r webbplats omfattas av lagen om tillhandah\u00e5llande av digitala tj\u00e4nster (306\/2019), som kr\u00e4ver att offentliga webbplatser ska vara tillg\u00e4ngliga. HAUS kehitt\u00e4miskeskus Oy str\u00e4var efter att s\u00e4kerst\u00e4lla tillg\u00e4ngligheten f\u00f6r webbplatsen eOppiva.fi i enlighet med denna lag. Denna tillg\u00e4nglighetsredog\u00f6relse g\u00e4ller f\u00f6r tj\u00e4nsten eOppiva, som inkluderar webbplatsen eOppiva.fi, eOppivas Moodle-l\u00e4rplattform med utbildningar samt \u00f6ppet utbildningsinneh\u00e5ll. Redog\u00f6relsen har granskats [&hellip;]","og_url":"https:\/\/www.eoppiva.fi\/sv\/tillganglighetsforklaring\/","og_site_name":"eOppiva","article_publisher":"https:\/\/www.facebook.com\/eoppiva","article_modified_time":"2025-01-07T17:07:55+00:00","twitter_card":"summary_large_image","twitter_site":"@eoppivafi","schema":{"@context":"https:\/\/schema.org","@graph":[{"@type":"WebPage","@id":"https:\/\/www.eoppiva.fi\/sv\/tillganglighetsforklaring\/","url":"https:\/\/www.eoppiva.fi\/sv\/tillganglighetsforklaring\/","name":"Tillg\u00e4nglighetsf\u00f6rklaring - eOppiva","isPartOf":{"@id":"https:\/\/www.eoppiva.fi\/#website"},"datePublished":"2024-08-09T07:14:21+00:00","dateModified":"2025-01-07T17:07:55+00:00","breadcrumb":{"@id":"https:\/\/www.eoppiva.fi\/sv\/tillganglighetsforklaring\/#breadcrumb"},"inLanguage":"sv-SE","potentialAction":[{"@type":"ReadAction","target":["https:\/\/www.eoppiva.fi\/sv\/tillganglighetsforklaring\/"]}]},{"@type":"BreadcrumbList","@id":"https:\/\/www.eoppiva.fi\/sv\/tillganglighetsforklaring\/#breadcrumb","itemListElement":[{"@type":"ListItem","position":1,"name":"Home","item":"https:\/\/www.eoppiva.fi\/sv\/"},{"@type":"ListItem","position":2,"name":"Tillg\u00e4nglighetsf\u00f6rklaring"}]},{"@type":"WebSite","@id":"https:\/\/www.eoppiva.fi\/#website","url":"https:\/\/www.eoppiva.fi\/","name":"eOppiva","description":"Valtion digitaalinen oppimisymp\u00e4rist\u00f6","publisher":{"@id":"https:\/\/www.eoppiva.fi\/#organization"},"potentialAction":[{"@type":"SearchAction","target":{"@type":"EntryPoint","urlTemplate":"https:\/\/www.eoppiva.fi\/?s={search_term_string}"},"query-input":{"@type":"PropertyValueSpecification","valueRequired":true,"valueName":"search_term_string"}}],"inLanguage":"sv-SE"},{"@type":"Organization","@id":"https:\/\/www.eoppiva.fi\/#organization","name":"eOppiva","url":"https:\/\/www.eoppiva.fi\/","logo":{"@type":"ImageObject","inLanguage":"sv-SE","@id":"https:\/\/www.eoppiva.fi\/#\/schema\/logo\/image\/","url":"https:\/\/www.eoppiva.fi\/wp-content\/uploads\/2025\/03\/vihrea-logo-eo-1.png","contentUrl":"https:\/\/www.eoppiva.fi\/wp-content\/uploads\/2025\/03\/vihrea-logo-eo-1.png","width":2000,"height":2000,"caption":"eOppiva"},"image":{"@id":"https:\/\/www.eoppiva.fi\/#\/schema\/logo\/image\/"},"sameAs":["https:\/\/www.facebook.com\/eoppiva","https:\/\/x.com\/eoppivafi","https:\/\/www.instagram.com\/eoppiva\/","https:\/\/www.linkedin.com\/company\/eoppiva"]}]}},"_links":{"self":[{"href":"https:\/\/www.eoppiva.fi\/sv\/wp-json\/wp\/v2\/pages\/249971","targetHints":{"allow":["GET"]}}],"collection":[{"href":"https:\/\/www.eoppiva.fi\/sv\/wp-json\/wp\/v2\/pages"}],"about":[{"href":"https:\/\/www.eoppiva.fi\/sv\/wp-json\/wp\/v2\/types\/page"}],"author":[{"embeddable":true,"href":"https:\/\/www.eoppiva.fi\/sv\/wp-json\/wp\/v2\/users\/6514"}],"replies":[{"embeddable":true,"href":"https:\/\/www.eoppiva.fi\/sv\/wp-json\/wp\/v2\/comments?post=249971"}],"version-history":[{"count":6,"href":"https:\/\/www.eoppiva.fi\/sv\/wp-json\/wp\/v2\/pages\/249971\/revisions"}],"predecessor-version":[{"id":306659,"href":"https:\/\/www.eoppiva.fi\/sv\/wp-json\/wp\/v2\/pages\/249971\/revisions\/306659"}],"wp:attachment":[{"href":"https:\/\/www.eoppiva.fi\/sv\/wp-json\/wp\/v2\/media?parent=249971"}],"curies":[{"name":"wp","href":"https:\/\/api.w.org\/{rel}","templated":true}]}}